{"id":2753,"date":"2013-04-22T14:00:47","date_gmt":"2013-04-22T12:00:47","guid":{"rendered":"http:\/\/laurentqueyssi.fr\/site\/?page_id=2753"},"modified":"2025-09-12T17:48:06","modified_gmt":"2025-09-12T15:48:06","slug":"romans","status":"publish","type":"page","link":"http:\/\/laurentqueyssi.fr\/site\/bibliographie-2\/romans\/","title":{"rendered":"Romans"},"content":{"rendered":"<p><img loading=\"lazy\" decoding=\"async\" class=\"alignleft\" src=\"http:\/\/laurentqueyssi.fr\/trystero.jpg\" alt=\"\" width=\"250\" height=\"357\" \/><\/p>\n<p><strong><em>Trystero<\/em>, Mu, 2024<\/strong><\/p>\n<p>Laurent Queyssi nous offre l&#8217;histoire intime d&#8217;un \u00e9crivain d\u00e9clinant qui souhaite laisser une trace de son existence et de son \u0153uvre dans une Europe d\u00e9voy\u00e9e, au dernier stade de la crise et en proie \u00e0 de multiples conflits. Trystero est un regard d\u00e9licat et lucide sur la cr\u00e9ation, la somme d&#8217;une existence riche et tumultueuse, le roman d&#8217;une vie entre r\u00e9alit\u00e9 et fiction dans un monde o\u00f9 chaque pens\u00e9e critique est un crime.<br \/>Laurent Queyssi est un grand connaisseur des genres de l&#8217;imaginaire. Avec Trystero, hommage \u00e0 la fois \u00e0 Thomas Pynchon et Alan Moore, il nous pr\u00e9sente la face intime de l&#8217;\u00e9crivain dans l&#8217;acte de cr\u00e9ation&#8230; et les cons\u00e9quences qui peuvent en d\u00e9couler. Dans un r\u00e9gime totalitaire, aucun artiste n&#8217;est \u00e0 l&#8217;abri, aucune \u0153uvre n&#8217;est prot\u00e9g\u00e9e et Laurent Queyssi, tout en subtilit\u00e9, nous am\u00e8ne \u00e0 penser la r\u00e9sistance culturelle.<\/p>\n<\/p>\n<BR>\n<BR>\n<p><img loading=\"lazy\" decoding=\"async\" class=\"size-full wp-image-5070 alignleft\" src=\"http:\/\/laurentqueyssi.fr\/nuit.jpg\" alt=\"\" width=\"200\" height=\"293\" \/><\/p>\n<p style=\"text-align: left;\"><strong><em>La Nuit \u00e9tait chez elle<\/em>, Alibi, 2022<\/strong><\/p>\n<p style=\"text-align: left;\"><span style=\"font-size: inherit;\">Alex Lolya est correspondant local pour un journal r\u00e9gional dans une ville du Sud-Ouest de la France. Son quotidien, en dehors des ballades avec son chien Monk, c&#8217;est de couvrir les infos du coin : crue de la Garonne, inondations, inauguration du nouveau stade. Rien de bien folichon. Mais son cousin d\u00e9barque et lui demande de l&#8217;aider \u00e0 vider une maison avant qu&#8217;elle soit envahie par les eaux. Il pourra alors utiliser \u00e0 sa guise tout ce qui est dans la maison. Or, dans les papiers, Alex et le cousin trouvent un manuscrit&#8230;<\/span><\/p>\n<\/p>\n<\/p>\n<BR>\n<BR>\n<BR>\n<BR>\n<p><img loading=\"lazy\" decoding=\"async\" class=\"size-full wp-image-5070 alignleft\" src=\"http:\/\/laurentqueyssi.fr\/site\/wp-content\/uploads\/2021\/02\/CVT_Correspondant-local_8869.jpg\" alt=\"\" width=\"200\" height=\"293\" \/><\/p>\n<p style=\"text-align: left;\"><strong><em>Correspondant Local<\/em>, Filature(s), 2021<\/strong><\/p>\n<p style=\"text-align: left;\"><span style=\"font-size: inherit;\">Pigiste pour le journal local de Castelnau, Alexandre part secourir sa voisine Huguette lorsqu&#8217;elle fait une chute chez elle. Avant que les pompiers ne l&#8217;emm\u00e8nent, il remarque une cassette vid\u00e9o dans la main de la vieille femme.<\/span><span class=\"ml-1 show-secondhalf\" style=\"font-size: inherit;\">Quelques jours apr\u00e8s la mort de cette derni\u00e8re, Alexandre la regarde et d\u00e9couvre un court-m\u00e9trage pornographique amateur, dont un des acteurs ne lui est pas \u00e9tranger.<\/span><\/p>\n<\/p>\n<BR>\n<BR>\n<BR>\n<BR>\n<BR>\n<p><img loading=\"lazy\" decoding=\"async\" class=\"size-full wp-image-2761 alignleft\" style=\"float: left\/&gt;&lt;\/p&gt;&lt;p style=;\" src=\"http:\/\/laurentqueyssi.fr\/site\/wp-content\/uploads\/2016\/02\/Allisonpetit.jpg\" alt=\"infiltres\" width=\"200\" height=\"293\" \/><strong><em>Allison<\/em>, Les Moutons \u00e9lectriques, 2016<\/strong><\/p>\n<p style=\"text-align: left;\">1993 : l\u2019ann\u00e9e du bac pour Allison, qui attend le jour o\u00f9 elle pourra quitter sa petite ville terne. Heureusement, il y a la musique. Le groupe dans lequel elle joue de la basse, Sugarmaim, mais aussi tous ceux qu\u2019elle \u00e9coute : Pixies, Ride, Sonic Youth, Slowdive ou Pavement.<\/p>\n<p>Puis il y a celui qui l\u2019a fait litt\u00e9ralement planer, un matin d\u2019hiver froid : My Bloody Valentine. En \u00e9coutant \u00ab Loveless \u00bb, walkman sur les oreilles, la jeune fille d\u00e9colle. Litt\u00e9ralement. Ses pieds ne touchent plus le sol. Elle l\u00e9vite. Quand l\u2019exp\u00e9rience se r\u00e9p\u00e8te, Allison commence \u00e0 s\u2019inqui\u00e9ter. Pourquoi est-elle ainsi transport\u00e9e par la musique ? Est-elle malade ? A-t-elle h\u00e9rit\u00e9 d\u2019un \u00e9trange pouvoir que poss\u00e9dait son p\u00e8re, disparu quand elle \u00e9tait enfant ? Pour le d\u00e9couvrir,elle va devoir se perdre dans une salle de concert anglaise, \u00e0 la recherche d\u2019un auteur dont le personnage principal est atteint du m\u00eame syndrome. Se perdre\u2026 et se retrouver ?<br \/>Com\u00e9die douce-am\u00e8re sur l\u2019adolescence, les origines et le passage \u00e0 l\u2019\u00e2ge adulte, avec la musique des ann\u00e9es 90 en fond sonore, Allison remixe L\u2019Attrape-c\u0153ur avec John Hugues. Une histoire d\u2019amour et de connaissance de soi hant\u00e9e par la voix rauque de Kurt Cobain.\u00a0<\/p>\n<\/p>\n<p><img loading=\"lazy\" decoding=\"async\" class=\"size-full wp-image-2761 alignleft\" src=\"http:\/\/laurentqueyssi.fr\/menace.jpg\" alt=\"infiltres\" width=\"200\" height=\"293\" \/><\/p>\n<p style=\"text-align: center;\"><strong><em>Menace sur le r\u00e9seau<\/em>, Rageot Thriller, 2015<\/strong><\/p>\n<p style=\"text-align: left;\">Gr\u00e2ce \u00e0 Emma son amie californienne, Adam collabore comme consultant sur un film hollywoodien. Dans la Silicon Valley, il r\u00e9ussit \u00e0 visiter le laboratoire secret de Glasser, la puissante multinationale qui r\u00e9git le Web. Mais ce s\u00e9jour de r\u00eave pour le jeune geek vire au cauchemar quand Emma est enlev\u00e9e et que son ravisseur le force \u00e0 am\u00e9liorer un virus espion hyper sophistiqu\u00e9. Qui veut s&#8217;emparer des donn\u00e9es person\u00adnelles stock\u00e9es sur les clouds ? Pour quelles raisons ?\u00a0<\/p>\n<\/p>\n<BR>\n<BR>\n<BR>\n<BR>\n<p><img loading=\"lazy\" decoding=\"async\" class=\"size-full wp-image-2761 alignleft\" src=\"http:\/\/laurentqueyssi.fr\/lynx.jpg\" alt=\"infiltres\" width=\"200\" height=\"293\" \/><\/p>\n<p style=\"text-align: center;\"><strong><em>Dans l&#8217;oeil de Lynx<\/em>, Rageot Thriller, 2013<\/strong><\/p>\n<p style=\"text-align: left;\">De Barcelone \u00e0 Londres, Adam plonge avec sa partenaire Clotilde dans le milieu des jeux vid\u00e9o pour une nouvelle mission d\u2019infiltration \u00e0 hauts risques. Il d\u00e9couvre que Lynx, un hacker de g\u00e9nie, tente d\u2019utiliser un jeu en ligne fortement addictif pour manipuler les joueurs et les transformer en tueurs potentiels\u2026<br \/>Apr\u00e8s <em>Infiltr\u00e9s<\/em>, suivez une nouvelle aventure d\u2019Adam, jeune hacker de g\u00e9nie.<\/p>\n<\/p>\n<BR>\n<BR>\n<BR>\n<BR>\n\n<p><img loading=\"lazy\" decoding=\"async\" class=\"size-full wp-image-2761 alignleft\" src=\"http:\/\/laurentqueyssi.fr\/site\/wp-content\/uploads\/2013\/04\/infiltres.jpg\" alt=\"infiltres\" width=\"200\" height=\"293\" \/><\/p>\n<p style=\"text-align: center;\"><strong><em>Infiltr\u00e9s<\/em>, Rageot Thriller, 2012<\/strong><\/p>\n<p style=\"text-align: left;\">Clou\u00e9 dans son fauteuil roulant face \u00e0 son ordinateur, Adam est un geek doubl\u00e9 d\u2019un hacker de g\u00e9nie, qui peut se vanter d\u2019avoir p\u00e9n\u00e9tr\u00e9 sur un des serveurs de la CIA ! Malmen\u00e9 par des individus louches, il est sauv\u00e9 par les services secrets fran\u00e7ais qui exigent de lui, en contrepartie, des services sur le terrain&#8230;<\/p>\n<\/p>\n<BR>\n<BR>\n<BR>\n<BR>\n<BR>\n<p style=\"text-align: center;\"><img loading=\"lazy\" decoding=\"async\" class=\"size-medium wp-image-2765 alignleft\" style=\"text-align: center;\" src=\"http:\/\/laurentqueyssi.fr\/site\/wp-content\/uploads\/2013\/04\/h\u00e9ritier-195x300.jpg\" alt=\"h\u00e9ritier\" width=\"195\" height=\"300\" srcset=\"http:\/\/laurentqueyssi.fr\/site\/wp-content\/uploads\/2013\/04\/h\u00e9ritier-195x300.jpg 195w, http:\/\/laurentqueyssi.fr\/site\/wp-content\/uploads\/2013\/04\/h\u00e9ritier.jpg 200w\" sizes=\"auto, (max-width: 195px) 100vw, 195px\" \/><\/p>\n<p style=\"text-align: center;\"><strong><em style=\"font-size: 13px; line-height: 19px;\">L&#8217;H\u00e9ritier du Chaos<\/em><span style=\"font-size: 13px; line-height: 19px;\">, Mango, 2008<\/span><\/strong><\/p>\n<p style=\"text-align: left;\">Mikac a quatorze ans quand sa vie bascule. Des soldats tuent son fr\u00e8re et le conduisent avec sa m\u00e8re dans la forteresse noire de Kyrrdis. Le jeune gar\u00e7on est rattrap\u00e9 par son histoire. Il d\u00e9couvre ainsi qu&#8217;il est le fils du tyran Marden, souverain du Chaos dont les arm\u00e9es d\u00e9vastent le pays. Mikac apprend \u00e9galement que, comme son p\u00e8re, il a le don du Karobni, une puissante magie qui permet de remporter des guerres et conqu\u00e9rir des royaumes, mais qui peut aussi d\u00e9truire celui qui la porte&#8230;<\/p>\n<p style=\"text-align: center;\">Affrontera-t-il son p\u00e8re ou prendra-t-il sa succession ?<\/p>\n<\/p>\n<BR>\n<BR>\n<BR>\n<p style=\"text-align: center;\"><img loading=\"lazy\" decoding=\"async\" class=\"size-medium wp-image-2774 alignleft\" style=\"font-size: 13px; line-height: 19px;\" src=\"http:\/\/laurentqueyssi.fr\/site\/wp-content\/uploads\/2013\/04\/neuro-194x300.jpg\" alt=\"neuro\" width=\"194\" height=\"300\" srcset=\"http:\/\/laurentqueyssi.fr\/site\/wp-content\/uploads\/2013\/04\/neuro-194x300.jpg 194w, http:\/\/laurentqueyssi.fr\/site\/wp-content\/uploads\/2013\/04\/neuro.jpg 200w\" sizes=\"auto, (max-width: 194px) 100vw, 194px\" \/><\/p>\n<p style=\"text-align: center;\"><strong><em>Neurotwistin&#8217;<\/em>, Les Moutons \u00e9lectriques, 2004<\/strong><\/p>\n<p style=\"text-align: left;\"><strong><span style=\"font-size: 13px; line-height: 19px;\">\u00a0\u00a0<\/span><\/strong><span style=\"font-size: 13px; line-height: 19px;\">Ann\u00e9es 1990 : Harry est une grenouille au cerveau modifi\u00e9, capable de converser et de r\u00e9fl\u00e9chir comme un humain. Mais le batracien est aussi \u00e9crivain. L\u2019\u0153uvre de sa vie s\u2019appelle Neurotwistin\u2019, s\u00e9rie dont l\u2019essentiel de l\u2019action se d\u00e9roule dans les\u2026<\/span><\/p>\n<p style=\"text-align: center;\">Ann\u00e9es 1960 : Mary Gentle, Brian Taylor et les autres agents de l\u2019Unit\u00e9 3 luttent contre de myst\u00e9rieux terroristes dont le but principal semble \u00eatre la destruction du r\u00e9seau mondial encore \u00e0 l\u2019\u00e9tat exp\u00e9rimental, l\u2019intanciel, et l\u2019an\u00e9antissement des premiers animaux modifi\u00e9s.<\/p>\n<p style=\"text-align: center;\"><em>Neurotwistin&#8217; est disponible en version num\u00e9rique <a href=\"http:\/\/www.amazon.fr\/Neurotwistin-ebook\/dp\/B005UOZD9Y\/ref=la_B004MWKURA_1_12?ie=UTF8&amp;qid=1366633969&amp;sr=1-12\">ici<\/a>. Il me reste \u00e9galement quelques exemplaires papiers que je peux envoyer (et \u00e9ventuellement d\u00e9dicacer).<\/em><\/p>\n\n\n<!--nextpage-->\n","protected":false},"excerpt":{"rendered":"<p>Trystero, Mu, 2024 Laurent Queyssi nous offre l&#8217;histoire intime d&#8217;un \u00e9crivain d\u00e9clinant qui souhaite laisser une trace de son existence et de son \u0153uvre dans une Europe d\u00e9voy\u00e9e, au dernier stade de la crise et en proie \u00e0 de multiples conflits. Trystero est un regard d\u00e9licat et lucide sur la cr\u00e9ation, la somme d&#8217;une existence [&hellip;]<\/p>\n","protected":false},"author":1,"featured_media":0,"parent":2734,"menu_order":0,"comment_status":"closed","ping_status":"open","template":"","meta":{"footnotes":""},"class_list":["post-2753","page","type-page","status-publish","hentry","odd"],"_links":{"self":[{"href":"http:\/\/laurentqueyssi.fr\/site\/wp-json\/wp\/v2\/pages\/2753","targetHints":{"allow":["GET"]}}],"collection":[{"href":"http:\/\/laurentqueyssi.fr\/site\/wp-json\/wp\/v2\/pages"}],"about":[{"href":"http:\/\/laurentqueyssi.fr\/site\/wp-json\/wp\/v2\/types\/page"}],"author":[{"embeddable":true,"href":"http:\/\/laurentqueyssi.fr\/site\/wp-json\/wp\/v2\/users\/1"}],"replies":[{"embeddable":true,"href":"http:\/\/laurentqueyssi.fr\/site\/wp-json\/wp\/v2\/comments?post=2753"}],"version-history":[{"count":80,"href":"http:\/\/laurentqueyssi.fr\/site\/wp-json\/wp\/v2\/pages\/2753\/revisions"}],"predecessor-version":[{"id":5999,"href":"http:\/\/laurentqueyssi.fr\/site\/wp-json\/wp\/v2\/pages\/2753\/revisions\/5999"}],"up":[{"embeddable":true,"href":"http:\/\/laurentqueyssi.fr\/site\/wp-json\/wp\/v2\/pages\/2734"}],"wp:attachment":[{"href":"http:\/\/laurentqueyssi.fr\/site\/wp-json\/wp\/v2\/media?parent=2753"}],"curies":[{"name":"wp","href":"https:\/\/api.w.org\/{rel}","templated":true}]}}