{"id":2797,"date":"2013-04-22T16:17:23","date_gmt":"2013-04-22T14:17:23","guid":{"rendered":"http:\/\/laurentqueyssi.fr\/site\/?page_id=2797"},"modified":"2022-07-12T17:37:50","modified_gmt":"2022-07-12T15:37:50","slug":"bandes-dessinees","status":"publish","type":"page","link":"http:\/\/laurentqueyssi.fr\/site\/bibliographie-2\/bandes-dessinees\/","title":{"rendered":"Bandes dessin\u00e9es"},"content":{"rendered":"\n<p style=\"clear: both;\"><img loading=\"lazy\" decoding=\"async\" class=\"alignleft size-full wp-image-2806\" src=\"http:\/\/laurentqueyssi.fr\/mundus.jpg\" alt=\"blackline2\" width=\"200\" height=\"273\" \/><strong><em>Mundus<\/em><\/strong>, Dessin : Oriol Roig, 404 Comics, 2022<\/p>\n\n\n<p style=\"clear: both;\"><img loading=\"lazy\" decoding=\"async\" class=\"alignleft size-full wp-image-2806\" src=\"http:\/\/laurentqueyssi.fr\/site\/wp-content\/uploads\/2018\/01\/phil.jpg\" alt=\"blackline2\" width=\"200\" height=\"273\"><strong><em>Phil, une vie de Philip K. Dick<\/em><\/strong>, Dessin : Mauro Marchesi, 21g, 2018<\/p>\n<p style=\"clear: both;\"><img loading=\"lazy\" decoding=\"async\" class=\"alignleft size-full wp-image-2806\" src=\"http:\/\/laurentqueyssi.fr\/site\/wp-content\/uploads\/2017\/01\/apres.jpg\" alt=\"blackline2\" width=\"200\" height=\"273\"><strong><em>Apr\u00e8s la chute<\/em><\/strong>, Dessin : Juzhen, Gl\u00e9nat, 2017<\/p>\n<p style=\"clear: both;\"><img loading=\"lazy\" decoding=\"async\" class=\"alignleft size-full wp-image-2806\" src=\"http:\/\/laurentqueyssi.fr\/section.jpg\" alt=\"blackline2\" width=\"200\" height=\"273\"><strong><em>Section Infini<\/em><\/strong>: t.1 <em>Perdu dans le temps<\/em>, Dessin : Greg Tocchini, Le Lombard, 2013<\/p>\n<p style=\"clear: both;\"><img loading=\"lazy\" decoding=\"async\" class=\"alignleft size-full wp-image-2806\" src=\"http:\/\/laurentqueyssi.fr\/site\/wp-content\/uploads\/2013\/04\/blackline2.jpg\" alt=\"blackline2\" width=\"200\" height=\"273\"><img loading=\"lazy\" decoding=\"async\" class=\"size-full wp-image-2805 alignright\" src=\"http:\/\/laurentqueyssi.fr\/site\/wp-content\/uploads\/2013\/04\/blackline1.jpg\" alt=\"blackline1\" width=\"200\" height=\"269\"><strong><em>Blackline<\/em><\/strong>, co-sc\u00e9nario : Herv\u00e9 Loiselet, Dessin : Pasquale Del Vecchio, Couleurs : Scarlett, Le Lombard, 2011-2012<\/p>\n<p style=\"clear: both; padding-top: 2em;\"><img loading=\"lazy\" decoding=\"async\" class=\"wp-image-2809 alignleft\" src=\"http:\/\/laurentqueyssi.fr\/site\/wp-content\/uploads\/2013\/04\/hdf1.jpg\" alt=\"hdf1\" width=\"200\" height=\"277\"><img loading=\"lazy\" decoding=\"async\" class=\"size-full wp-image-2810 alignright alignright\" src=\"http:\/\/laurentqueyssi.fr\/site\/wp-content\/uploads\/2013\/04\/hdf3.jpg\" alt=\"hdf3\" width=\"200\" height=\"284\"><strong><em>L&#8217;histoire de France pour les Nuls en bd<\/em><\/strong>, avec Jean-Joseph Julaud et Gabriele Parma, First, 2011-2013<\/p>","protected":false},"excerpt":{"rendered":"<p>Mundus, Dessin : Oriol Roig, 404 Comics, 2022 Phil, une vie de Philip K. Dick, Dessin : Mauro Marchesi, 21g, 2018 Apr\u00e8s la chute, Dessin : Juzhen, Gl\u00e9nat, 2017 Section Infini: t.1 Perdu dans le temps, Dessin : Greg Tocchini, Le Lombard, 2013 Blackline, co-sc\u00e9nario : Herv\u00e9 Loiselet, Dessin : Pasquale Del Vecchio, Couleurs : [&hellip;]<\/p>\n","protected":false},"author":1,"featured_media":0,"parent":2734,"menu_order":0,"comment_status":"closed","ping_status":"open","template":"","meta":{"footnotes":""},"class_list":["post-2797","page","type-page","status-publish","hentry","odd"],"_links":{"self":[{"href":"http:\/\/laurentqueyssi.fr\/site\/wp-json\/wp\/v2\/pages\/2797","targetHints":{"allow":["GET"]}}],"collection":[{"href":"http:\/\/laurentqueyssi.fr\/site\/wp-json\/wp\/v2\/pages"}],"about":[{"href":"http:\/\/laurentqueyssi.fr\/site\/wp-json\/wp\/v2\/types\/page"}],"author":[{"embeddable":true,"href":"http:\/\/laurentqueyssi.fr\/site\/wp-json\/wp\/v2\/users\/1"}],"replies":[{"embeddable":true,"href":"http:\/\/laurentqueyssi.fr\/site\/wp-json\/wp\/v2\/comments?post=2797"}],"version-history":[{"count":22,"href":"http:\/\/laurentqueyssi.fr\/site\/wp-json\/wp\/v2\/pages\/2797\/revisions"}],"predecessor-version":[{"id":5439,"href":"http:\/\/laurentqueyssi.fr\/site\/wp-json\/wp\/v2\/pages\/2797\/revisions\/5439"}],"up":[{"embeddable":true,"href":"http:\/\/laurentqueyssi.fr\/site\/wp-json\/wp\/v2\/pages\/2734"}],"wp:attachment":[{"href":"http:\/\/laurentqueyssi.fr\/site\/wp-json\/wp\/v2\/media?parent=2797"}],"curies":[{"name":"wp","href":"https:\/\/api.w.org\/{rel}","templated":true}]}}