{"id":2800,"date":"2013-04-22T16:20:39","date_gmt":"2013-04-22T14:20:39","guid":{"rendered":"http:\/\/laurentqueyssi.fr\/site\/?page_id=2800"},"modified":"2025-09-12T17:52:27","modified_gmt":"2025-09-12T15:52:27","slug":"nouvelles","status":"publish","type":"page","link":"http:\/\/laurentqueyssi.fr\/site\/bibliographie-2\/nouvelles\/","title":{"rendered":"Nouvelles"},"content":{"rendered":"<p style=\"text-align: left;\"><img loading=\"lazy\" decoding=\"async\" class=\"alignleft  wp-image-2814\" src=\"http:\/\/laurentqueyssi.fr\/site\/wp-content\/uploads\/2013\/04\/automate.jpg\" alt=\"automate\" width=\"200\" height=\"276\" \/><\/p>\n<p style=\"text-align: left;\"><strong><em>Comme un automate d\u00e9ment reprogramm\u00e9 \u00e0 la mi-temps<\/em><\/strong>, 2012, Actusf<\/p>\n<p style=\"text-align: left;\"><span style=\"font-size: 13px; line-height: 19px;\">\u00c0 Hollywood, un sc\u00e9nariste de s\u00e9rie t\u00e9l\u00e9vis\u00e9e affronte un de ses coll\u00e8gues en duel. L\u2019enjeu : la suite de leur histoire. L\u2019arme choisie : une borne d\u2019arcade de Pac-man.<\/span><\/p>\n<div>\n<p>&nbsp;<\/p>\n<p>Dans la banlieue infinie d\u2019Alex et Marc, tout le monde est affili\u00e9 \u00e0 une marque et le gigantesque centre commercial repr\u00e9sente la source de toute vie. Seule solution pour des ados priv\u00e9s du futur promis, trouver une drogue synth\u00e9tisant le sense of wonder.<\/p>\n<p>&nbsp;<\/p>\n<p>Sugarmaim, le groupe mythique des ann\u00e9es 1990, se reforme sur fond de conspiration extraterrestre. Quel rapport entre le rock\u2019n\u2019roll et les civilisations galactiques qui nous observent ?<\/p>\n<p>&nbsp;<\/p>\n<p>Auteur de plusieurs romans, essais et bandes dessin\u00e9es, Laurent Queyssi signe ici son premier recueil de nouvelles, huit r\u00e9cits qui sont autant de visions obliques et d\u00e9cal\u00e9es des mondes qui nous entourent.<\/p>\n<p>&nbsp;<\/p>\n<p><strong>\u201cHuit petites merveilles \u00e0 lire sans mod\u00e9ration.\u201d\u00a0<\/strong><br \/>\nChristophe, Fnac Paris\/Saint Lazare<\/p>\n<p>&nbsp;<\/p>\n<p>\u201c<strong>Etonnant petit recueil de nouvelles de SF plein d\u2019imagination et de bonnes id\u00e9es. Id\u00e9al pour s\u2019\u00e9vader en douceur au fil du quotidien et vous plonger dans un monde pas si \u00e9loign\u00e9 de celui que nous connaissons.<\/strong>\u201d<br \/>\nFlorent, Fnac Boulogne<\/p>\n<p>&nbsp;<\/p>\n<p>\u201c<strong>Les (..) textes au sommaire de ce recueil montrent toute la diversit\u00e9 et le talent dont peut faire preuve Laurent Queyssi, une \u00e9rudition all\u00e8gre qui s\u2019appuie sur un solide sens du r\u00e9cit et une inventivit\u00e9 permanente.<\/strong>\u201d<br \/>\nPhilippe Boulier, Bifrost<\/p>\n<p>&nbsp;<\/p>\n<p>\u201c<strong>Avec son \u00e9criture nerveuse, limite teigneuse, l\u2019auteur distille un concentr\u00e9 de r\u00e9alit\u00e9s d\u00e9viantes comme autant de visions obliques de notre monde hyper consum\u00e9riste et connect\u00e9, sur fond d\u2019indie-rock et de ciel bleu immacul\u00e9.<\/strong>\u201d<br \/>\nNicolas Trespall\u00e9, Spirit<\/p>\n<p>&nbsp;<\/p>\n<p>\u201c<strong>Certaines personnes ont la SF dans la peau: m\u00e9tabolis\u00e9e, elle leur vient tout naturellement. C\u2019est le cas de Laurent Queyssi dont les huit nouvelles de ce premier recueil t\u00e9moignent d\u2019une familiarit\u00e9 avec le genre qui ne s\u2019invente pas<\/strong>.\u201d<br \/>\nPierre Jouan, Chronic\u2019art<\/p>\n<p><a href=\"http:\/\/www.editions-actusf.fr\/laurent-queyssi\/comme-un-automate-dement\" target=\"_blank\" rel=\"noopener\">Acheter<\/a><\/p>\n<p><a href=\"http:\/\/www.editions-actusf.fr\/laurent-queyssi\/comme-un-automate-dement_numerique\" target=\"_blank\" rel=\"noopener\">Version num\u00e9rique<\/a><\/p>\n<p>&nbsp;<\/p>\n<p><span style=\"font-size: 13px; line-height: 19px;\">Le recueil reprend bon nombre de mes nouvelles, mais certaines n&#8217;ont \u00e9t\u00e9 publi\u00e9es qu&#8217;en revue. Voici la liste compl\u00e8te de mes nouvelles:<\/span><\/p>\n<p><strong>Hantologie<\/strong>, in <i>Utopiales 2024<\/i>, Actusf, 2024<\/p>\n<p><strong>Bastide<\/strong>, in Solarpunk, Les Moutons Electriques 2024<\/p>\n<p><strong>Grand Lunaire<\/strong>, in Anthologie Hypermondes n\u00b01, Les Moutons Electriques, 2021<\/p>\n<p><strong>Les Nouvelles aventures de Flip-Flop<\/strong>, in Bifrost n\u00b094, Le B\u00e9lial, 2019.<\/p>\n<p><strong>Pont-des-Sables<\/strong>, in Utopiales 2015, Actu SF 2015.<\/p>\n<p><strong>Facteur X<\/strong>, in &#8220;Bifrost&#8221; n\u00b079, co-\u00e9crit avec Jim Dedieu et Xavier Maum\u00e9jean sous le pseudonyme de Laurence Rivi\u00e8re, Juillet 2015.<br \/>\n<strong><br \/>\nEn attendant demain<\/strong>, \u00e9crit en collaboration avec Xavier Maum\u00e9jean, Utopiales 12, Actusf, 2012.<\/p>\n<p><strong><em><a href=\"http:\/\/www.editions-actusf.fr\/laurent-queyssi\/tammy-tout-le-temps\">Tammy tout le temps<\/a><\/em><\/strong>, in Contrepoints, \u00e9ditions Actusf 2012<\/p>\n<p><em><strong>Un Caf\u00e9 dans les ruines<\/strong><\/em>, in La Guerre, anthologie d\u2019une Belligerance, \u00e9ditions Hydromel 2011<\/p>\n<p><em><strong><a href=\"http:\/\/www.editions-actusf.fr\/laurent-queyssi\/nous-finirons-bien\">Nous finirons bien par en venir \u00e0 bout<\/a><\/strong><\/em>, in Inversion des faits, \u00e9ditions Motamo 2011<\/p>\n<p><em><strong>Nuit noire, sol froid<\/strong><\/em>, in Galaxies n\u00b05, \u00e9t\u00e9 2009.<\/p>\n<p><em><strong>Il ne construisent que la partie du monde dont ils ont besoin<\/strong><\/em>, in Dimension Philip K. Dick, Rivi\u00e8re Blanche, 2008. Ecrit en collaboration avec Ugo Bellagamba.<\/p>\n<p><em><strong>707, hacienda way<\/strong><\/em>,\u00a0in Dimension Philip K. Dick, Rivi\u00e8re Blanche, 2008. Ecrit en collaboration avec Ugo Bellagamba.<\/p>\n<p><em><strong>Sense of wonder 2.0<\/strong><\/em>,\u00a0in Black Mamba n\u00b09, janvier 2008.<\/p>\n<p><em><strong>Paddington et les ombres: une r\u00e9trospective<\/strong><\/em>, in Fiction n\u00b06, Les Moutons Electriques, Automne 2007. Texte pour illustrer un portfolio de Greg Vezon.<\/p>\n<p><em><strong>Fuck City<\/strong><\/em>, in Fiction n\u00b05, Les Moutons \u00e9lectriques, Printemps 2007.<\/p>\n<p><em><strong>La Sc\u00e8ne coup\u00e9e (Fant\u00f4mas 1963<\/strong><\/em>), in Les Nombreuses vies de Fant\u00f4mas, Les Moutons \u00e9lectriques, 2006.<\/p>\n<p><em><strong>Planet of sound<\/strong><\/em>, in Fiction n\u00b03, Les Moutons \u00e9lectriques, Printemps 2006. Ecrit en collaboration avec Jim Dedieu.<\/p>\n<p><em><strong>Rebecca est revenue<\/strong><\/em>, in Fiction n\u00b03 bis, Les Moutons \u00e9lectriques, Printemps 2006.<\/p>\n<p><em><strong>Neurotwistin\u2019<\/strong><\/em>, in Pass\u00e9s recompos\u00e9s, Nestiveqnen, 2003.<\/p>\n<p><em><strong>G\u2019Yaga<\/strong><\/em>, in Pouvoirs Critiques, Nestiveqnen, 2002.<\/p>\n<p><em><strong>Sense of wonder<\/strong><\/em>, in Etoiles Vives n\u00b09, Le Belial, 1999.<\/p>\n<p>&nbsp;<\/p>\n<p>&nbsp;<\/p>\n<p>&nbsp;<\/p>\n<p>&nbsp;<\/p>\n<\/div>\n","protected":false},"excerpt":{"rendered":"<p>Comme un automate d\u00e9ment reprogramm\u00e9 \u00e0 la mi-temps, 2012, Actusf \u00c0 Hollywood, un sc\u00e9nariste de s\u00e9rie t\u00e9l\u00e9vis\u00e9e affronte un de ses coll\u00e8gues en duel. L\u2019enjeu : la suite de leur histoire. L\u2019arme choisie : une borne d\u2019arcade de Pac-man. &nbsp; Dans la banlieue infinie d\u2019Alex et Marc, tout le monde est affili\u00e9 \u00e0 une marque [&hellip;]<\/p>\n","protected":false},"author":1,"featured_media":0,"parent":2734,"menu_order":0,"comment_status":"closed","ping_status":"open","template":"","meta":{"footnotes":""},"class_list":["post-2800","page","type-page","status-publish","hentry","odd"],"_links":{"self":[{"href":"http:\/\/laurentqueyssi.fr\/site\/wp-json\/wp\/v2\/pages\/2800","targetHints":{"allow":["GET"]}}],"collection":[{"href":"http:\/\/laurentqueyssi.fr\/site\/wp-json\/wp\/v2\/pages"}],"about":[{"href":"http:\/\/laurentqueyssi.fr\/site\/wp-json\/wp\/v2\/types\/page"}],"author":[{"embeddable":true,"href":"http:\/\/laurentqueyssi.fr\/site\/wp-json\/wp\/v2\/users\/1"}],"replies":[{"embeddable":true,"href":"http:\/\/laurentqueyssi.fr\/site\/wp-json\/wp\/v2\/comments?post=2800"}],"version-history":[{"count":8,"href":"http:\/\/laurentqueyssi.fr\/site\/wp-json\/wp\/v2\/pages\/2800\/revisions"}],"predecessor-version":[{"id":6001,"href":"http:\/\/laurentqueyssi.fr\/site\/wp-json\/wp\/v2\/pages\/2800\/revisions\/6001"}],"up":[{"embeddable":true,"href":"http:\/\/laurentqueyssi.fr\/site\/wp-json\/wp\/v2\/pages\/2734"}],"wp:attachment":[{"href":"http:\/\/laurentqueyssi.fr\/site\/wp-json\/wp\/v2\/media?parent=2800"}],"curies":[{"name":"wp","href":"https:\/\/api.w.org\/{rel}","templated":true}]}}