{"id":2801,"date":"2013-04-22T16:20:21","date_gmt":"2013-04-22T14:20:21","guid":{"rendered":"http:\/\/laurentqueyssi.fr\/site\/?page_id=2801"},"modified":"2026-04-03T12:36:31","modified_gmt":"2026-04-03T10:36:31","slug":"essais","status":"publish","type":"page","link":"http:\/\/laurentqueyssi.fr\/site\/bibliographie-2\/essais\/","title":{"rendered":"Essais"},"content":{"rendered":"<p>&nbsp;<\/p>\n<p><img loading=\"lazy\" decoding=\"async\" class=\"wp-image-6007 size-medium alignleft\" src=\"http:\/\/laurentqueyssi.fr\/site\/wp-content\/uploads\/2026\/04\/Pavement-174x300.jpg\" alt=\"\" width=\"174\" height=\"300\" srcset=\"http:\/\/laurentqueyssi.fr\/site\/wp-content\/uploads\/2026\/04\/Pavement-174x300.jpg 174w, http:\/\/laurentqueyssi.fr\/site\/wp-content\/uploads\/2026\/04\/Pavement-594x1024.jpg 594w, http:\/\/laurentqueyssi.fr\/site\/wp-content\/uploads\/2026\/04\/Pavement.jpg 600w\" sizes=\"auto, (max-width: 174px) 100vw, 174px\" \/><\/p>\n<p><strong><em>Pavement : Crooked Rain, Crooked rain,<\/em> \u00e9ditions Densit\u00e9, collection Discogonie, 2026<\/strong><\/p>\n<p>Slackers (branleurs), un terme \u00e0 la mode en 1991, pratique pour d\u00e9finir les musiciens de Pavement qu\u2019on ne peut d\u00e9cemment pas qualifier de grunge et pour qui il faut trouver un autre label, eux qui sont arriv\u00e9s l\u00e0 un peu par hasard, en prenant tout par-dessus la jambe. Avec leurs concerts parfois foutraques, mais souvent r\u00e9jouissants, ils parcourent le globe et encha\u00eenent les sc\u00e8nes des gros festivals apr\u00e8s le succ\u00e8s de leur premier album Slanted and Enchanted. Sans v\u00e9ritable objectif ni id\u00e9ologie, c\u2019est la boussole du do-it-yourself guide la production de Crooked Rain, Crooked Rain.<\/p>\n<p>&nbsp;<\/p>\n<p>&nbsp;<\/p>\n<p>&nbsp;<\/p>\n<p>&nbsp;<\/p>\n<p>&nbsp;<\/p>\n<p><img loading=\"lazy\" decoding=\"async\" class=\"size-full wp-image-2761 alignleft\" src=\"http:\/\/laurentqueyssi.fr\/moore.jpg\" alt=\"infiltres\" width=\"200\" height=\"293\" \/><\/p>\n<p style=\"text-align: left;\"><strong><em>Le Guide Alan Moore<\/em>, ActuSF, 2020<\/strong><\/p>\n<p style=\"text-align: left;\">Auteur d\u2019une \u0153uvre aussi prot\u00e9iforme que coh\u00e9rente, Alan Moore s\u2019est impos\u00e9 gr\u00e2ce \u00e0 ses sc\u00e9narios comme l\u2019un des g\u00e9ants du 9\u00e8 Art. Artiste d\u00e9miurge, anarchiste excentrique, magicien roublard, l\u2019Anglais n\u2019est pas qu\u2019un \u00e9crivain brillant, mais se consid\u00e8re d\u2019abord comme un cr\u00e9ateur total. De ses d\u00e9buts \u00e0 son actualit\u00e9 r\u00e9cente, de <em>Watchmen <\/em>\u00e0 <em>V pour Vendetta<\/em> en passant par <em>From Hell<\/em>, <em>La Ligue des gentlemen extraordinaires<\/em>,<em> Tom Strong<\/em>, <em>Filles perdus<\/em>, <em>La Voix du feu <\/em>ou <em>J\u00e9rusalem<\/em>, ce guide permet de d\u00e9couvrir l&#8217;homme et l&#8217;oeuvre, intimement li\u00e9s.<\/p>\n<p>&nbsp;<\/p>\n<p>&nbsp;<\/p>\n<p>&nbsp;<\/p>\n<p>&nbsp;<\/p>\n<p>&nbsp;<\/p>\n<p><img loading=\"lazy\" decoding=\"async\" class=\"size-full wp-image-2761 alignleft\" src=\"http:\/\/laurentqueyssi.fr\/site\/wp-content\/uploads\/2013\/04\/bond.jpg\" alt=\"infiltres\" width=\"200\" height=\"293\" \/><strong><em>Les Nombreuses vies de James Bond<\/em>, Les Moutons \u00e9lectriques, 2007<\/strong><\/p>\n<p style=\"text-align: left;\">James Bond est, sans conteste, l\u2019espion le plus c\u00e9l\u00e8bre de la plan\u00e8te. Cr\u00e9\u00e9 par Ian Fleming au d\u00e9but des ann\u00e9es 1950, l\u2019agent 007, arm\u00e9 de son Walter PPK, sillonne le globe pour d\u00e9jouer les plans de ses machiav\u00e9liques adversaires et sauver le monde. Lorsqu\u2019il ne descend pas dans des h\u00f4tels de luxe pour y s\u00e9duire des cr\u00e9atures de r\u00eaves, Bond habite dans un appartement de Chelsea, fume soixante cigarettes par jour et raffole des \u0153ufs \u00e0 la coque de May, sa gouvernante. Plus qu\u2019un simple agent secret autoris\u00e9 \u00e0 tuer, Bond est devenu un mythe, un des h\u00e9ros les plus populaires du XXe si\u00e8cle. Pourtant, l\u2019homme qui se cache derri\u00e8re le personnage poss\u00e8de plus de facettes que le 007 popularis\u00e9 par le cin\u00e9ma.<\/p>\n<p id=\"argumentaire\">Un beau livre de r\u00e9f\u00e9rence, abondamment illustr\u00e9\u202f: biographie d\u00e9taill\u00e9e du personnage comme s\u2019il avait exist\u00e9, survol historique de la guerre froide, \u00e9tudes sur l\u2019\u00e9volution et la m\u00e9thode du fameux agent secret britannique, sur les particularit\u00e9s de son univers et sur ses nombreux rivaux (les autres espions \u2014 dont les m\u00e9moires de John Steed et une journ\u00e9e ordinaire dans la vie de Modesty Blaise).<\/p>\n","protected":false},"excerpt":{"rendered":"<p>&nbsp; Pavement : Crooked Rain, Crooked rain, \u00e9ditions Densit\u00e9, collection Discogonie, 2026 Slackers (branleurs), un terme \u00e0 la mode en 1991, pratique pour d\u00e9finir les musiciens de Pavement qu\u2019on ne peut d\u00e9cemment pas qualifier de grunge et pour qui il faut trouver un autre label, eux qui sont arriv\u00e9s l\u00e0 un peu par hasard, en [&hellip;]<\/p>\n","protected":false},"author":1,"featured_media":0,"parent":2734,"menu_order":0,"comment_status":"closed","ping_status":"open","template":"","meta":{"footnotes":""},"class_list":["post-2801","page","type-page","status-publish","hentry","odd"],"_links":{"self":[{"href":"http:\/\/laurentqueyssi.fr\/site\/wp-json\/wp\/v2\/pages\/2801","targetHints":{"allow":["GET"]}}],"collection":[{"href":"http:\/\/laurentqueyssi.fr\/site\/wp-json\/wp\/v2\/pages"}],"about":[{"href":"http:\/\/laurentqueyssi.fr\/site\/wp-json\/wp\/v2\/types\/page"}],"author":[{"embeddable":true,"href":"http:\/\/laurentqueyssi.fr\/site\/wp-json\/wp\/v2\/users\/1"}],"replies":[{"embeddable":true,"href":"http:\/\/laurentqueyssi.fr\/site\/wp-json\/wp\/v2\/comments?post=2801"}],"version-history":[{"count":19,"href":"http:\/\/laurentqueyssi.fr\/site\/wp-json\/wp\/v2\/pages\/2801\/revisions"}],"predecessor-version":[{"id":6008,"href":"http:\/\/laurentqueyssi.fr\/site\/wp-json\/wp\/v2\/pages\/2801\/revisions\/6008"}],"up":[{"embeddable":true,"href":"http:\/\/laurentqueyssi.fr\/site\/wp-json\/wp\/v2\/pages\/2734"}],"wp:attachment":[{"href":"http:\/\/laurentqueyssi.fr\/site\/wp-json\/wp\/v2\/media?parent=2801"}],"curies":[{"name":"wp","href":"https:\/\/api.w.org\/{rel}","templated":true}]}}