{"id":3592,"date":"2016-01-04T19:20:25","date_gmt":"2016-01-04T17:20:25","guid":{"rendered":"http:\/\/laurentqueyssi.fr\/site\/?page_id=3592"},"modified":"2016-07-28T15:59:41","modified_gmt":"2016-07-28T13:59:41","slug":"audio","status":"publish","type":"page","link":"http:\/\/laurentqueyssi.fr\/site\/audio\/","title":{"rendered":"Audio"},"content":{"rendered":"<p><img decoding=\"async\" src=\"http:\/\/laurentqueyssi.fr\/site\/wp-content\/uploads\/2013\/04\/auto.jpg\" alt=\"\" \/><\/p>\n<p>&#8211; Une <a href=\"http:\/\/www.starshipsofa.com\/blog\/2016\/07\/25\/starshipsofa-no-445-laurent-queyssi%e2%80%8f-and-edward-gauvin\/\">lecture<\/a>, en anglais, de ma nouvelle <strong>Sense of Wonder 2.0<\/strong> sur l&#8217;excellent podcast <a href=\"http:\/\/www.starshipsofa.com\/\">Starship Sofa<\/a>. Traduction d&#8217;<a href=\"http:\/\/www.edwardgauvin.com\/\">Edward Gauvin<\/a>. <\/p>\n<p>&#8211; <strong>&#8220;Comme un automate d\u00e9ment reprogramm\u00e9 \u00e0 la mi-temps&#8221; version audio. <\/strong><br \/>\n27 minutes, format MP3. Sans DRM.<br \/>\nTexte et musique : <strong>Laurent Queyssi<\/strong>.<br \/>\nLecture : <strong>Aur\u00e9lien Lemant<\/strong>.<\/p>\n<blockquote><p><em>&#8220;J&#8217;\u00e9tais aussi pr\u00eat qu&#8217;on peut l&#8217;\u00eatre lorsqu&#8217;on s&#8217;appr\u00eate \u00e0 combattre pour de tels enjeux : l&#8217;int\u00e9grit\u00e9 de l\u2019\u0153uvre de sa vie, la promesse faite \u00e0 un ami et la seule chose qui vous reste. Lorsque Hank a enfil\u00e9 sa pi\u00e8ce dans la machine et a commenc\u00e9 \u00e0 jouer, cette derni\u00e8re id\u00e9e m&#8217;a terrifi\u00e9. Et s&#8217;il gagnait ? Et si je perdais la seule partie de ma vie qui tient encore debout ?<\/em>&#8221;<\/p>\n<p><strong>Et s&#8217;il n&#8217;y avait rien de tel que deux amis, l&#8217;un \u00e0 la guitare, l&#8217;autre \u00e0 la voix, pour parler de duel, de d\u00e9fi, de survie, bref, de Pac-Man ? C&#8217;est ce que l&#8217;on s&#8217;est dit, avec Laurent Queyssi, quand est venue sur la table l&#8217;id\u00e9e d&#8217;enregistrer quelque chose ensemble. Jusqu&#8217;\u00e0 pr\u00e9sent, c&#8217;\u00e9tait <a href=\"https:\/\/soundcloud.com\/brokehelado\">Broke Helado<\/a>, son groupe, qui mettait en rock des paroles que je leur envoyais ; seulement, l\u00e0, Laurent me donnait la possibilit\u00e9 d&#8217;inverser la donne : j&#8217;allais pouvoir interpr\u00e9ter ses textes \u00e0 lui. Sans l&#8217;emp\u00eacher de brandir la guitare et les p\u00e9dales \u00e0 effets. Comme un automate d\u00e9ment reprogramm\u00e9 \u00e0 la mi-temps, son Pac-Man m\u00e9taphysique, n&#8217;est je l&#8217;esp\u00e8re qu&#8217;un d\u00e9but. Laurent a d&#8217;autres nouvelles dont j&#8217;aimerais bien vous faire voir ce qu&#8217;elles ont dans le ventre<\/strong>.<\/p>\n<p><strong>A bient\u00f4t, donc.<\/strong><\/p><\/blockquote>\n<p><strong>Aur\u00e9lien Lemant<\/strong><\/p>\n<p>Un extrait:<br \/>\n<script type=\"text\/javascript\">AudioPlayer.setup(\"http:\/\/laurentqueyssi.fr\/site\/wp-content\/plugins\/simple-audio-player\/player\/player.swf\", { width: 290 });<\/script><p id=\"audioplayer_9247\"><audio controls><source src=\"http:\/\/laurentqueyssi.fr\/automateextrait.mp3\" type=\"audio\/mpeg\"><\/audio><\/p><p><script type=\"text\/javascript\">AudioPlayer.embed(\"audioplayer_9247\", {soundFile: \"http:\/\/laurentqueyssi.fr\/automateextrait.mp3\",  titles: \"Laurent Queyssi\", autostart: \"no\", loop: \"no\", animation: \"yes\", remaining: \"yes\", noinfo: \"no\", initialvolume: \"70\", buffer: \"5\", encode: \"no\", checkpolicy: \"no\", rtl: \"no\", width: \"100%\", transparentpagebg: \"no\", bg: \"E5E5E5\", leftbg: \"CCCCCC\", lefticon: \"333333\", voltrack: \"F2F2F2\", volslider: \"666666\", rightbg: \"B4B4B4\", rightbghover: \"999999\", righticon: \"333333\", righticonhover: \"FFFFFF\", loader: \"009900\", track: \"FFFFFF\", tracker: \"DDDDDD\", border: \"CCCCCC\", skip: \"666666\", text: \"333333\"});<\/script><\/p><\/p>\n<p>Pour \u00e9couter la version audio compl\u00e8te de <em>Comme un automate d\u00e9ment reprogramm\u00e9 \u00e0 la mi-temps<\/em>, Aur\u00e9lien et moi avons pr\u00e9f\u00e9r\u00e9 vous laisser vous-m\u00eame choisir votre prix, dans le menu d\u00e9roulant ci-dessous. Vous pouvez choisir de nous soutenir selon vos envies et vos moyens. Une fois votre prix d\u00e9cid\u00e9, vous acc\u00e9derez \u00e0 la version compl\u00e8te (27 minutes), t\u00e9l\u00e9chargeable sur tous les supports et sans DRM.<\/p>\n<form action=\"https:\/\/www.paypal.com\/cgi-bin\/webscr\" method=\"post\" target=\"_top\">\n<input type=\"hidden\" name=\"cmd\" value=\"_s-xclick\"><br \/>\n<input type=\"hidden\" name=\"hosted_button_id\" value=\"LLMWCCH9B8DU2\"><\/p>\n<table>\n<tr>\n<td><input type=\"hidden\" name=\"on0\" value=\"Automate mp3\">Automate mp3<\/td>\n<\/tr>\n<tr>\n<td><select name=\"os0\"><option value=\"1\">1 \u20ac1,00 EUR<\/option><option value=\"2\">2 \u20ac2,00 EUR<\/option><option value=\"3\">3 \u20ac3,00 EUR<\/option><option value=\"4\">4 \u20ac4,00 EUR<\/option><option value=\"5\">5 \u20ac5,00 EUR<\/option><option value=\"6\">6 \u20ac6,00 EUR<\/option><option value=\"8\">8 \u20ac8,00 EUR<\/option><option value=\"10\">10 \u20ac10,00 EUR<\/option><option value=\"12\">12 \u20ac12,00 EUR<\/option><option value=\"15\">15 \u20ac15,00 EUR<\/option><\/select> <\/td>\n<\/tr>\n<\/table>\n<p><input type=\"hidden\" name=\"currency_code\" value=\"EUR\"><br \/>\n<input type=\"image\" src=\"https:\/\/www.paypalobjects.com\/fr_FR\/FR\/i\/btn\/btn_buynowCC_LG.gif\" border=\"0\" name=\"submit\" alt=\"PayPal, le r\u00e9flexe s\u00e9curit\u00e9 pour payer en ligne\"><br \/>\n<img loading=\"lazy\" decoding=\"async\" alt=\"\" border=\"0\" src=\"https:\/\/www.paypalobjects.com\/fr_FR\/i\/scr\/pixel.gif\" width=\"1\" height=\"1\"><br \/>\n<\/form>\n<p>La version audio de <em><a href=\"http:\/\/www.editions-actusf.fr\/laurent-queyssi\/comme-un-automate-dement\">Comme un automate d\u00e9ment reprogramm\u00e9 \u00e0 la mi-temps<\/a><\/em> est tir\u00e9 de la nouvelle qui a donn\u00e9 son titre au recueil paru aux \u00e9ditions Actusf.<\/p>\n","protected":false},"excerpt":{"rendered":"<p>&#8211; Une lecture, en anglais, de ma nouvelle Sense of Wonder 2.0 sur l&#8217;excellent podcast Starship Sofa. Traduction d&#8217;Edward Gauvin. &#8211; &#8220;Comme un automate d\u00e9ment reprogramm\u00e9 \u00e0 la mi-temps&#8221; version audio. 27 minutes, format MP3. Sans DRM. Texte et musique : Laurent Queyssi. Lecture : Aur\u00e9lien Lemant. &#8220;J&#8217;\u00e9tais aussi pr\u00eat qu&#8217;on peut l&#8217;\u00eatre lorsqu&#8217;on s&#8217;appr\u00eate [&hellip;]<\/p>\n","protected":false},"author":1,"featured_media":0,"parent":0,"menu_order":0,"comment_status":"closed","ping_status":"closed","template":"","meta":{"footnotes":""},"class_list":["post-3592","page","type-page","status-publish","hentry","odd"],"_links":{"self":[{"href":"http:\/\/laurentqueyssi.fr\/site\/wp-json\/wp\/v2\/pages\/3592","targetHints":{"allow":["GET"]}}],"collection":[{"href":"http:\/\/laurentqueyssi.fr\/site\/wp-json\/wp\/v2\/pages"}],"about":[{"href":"http:\/\/laurentqueyssi.fr\/site\/wp-json\/wp\/v2\/types\/page"}],"author":[{"embeddable":true,"href":"http:\/\/laurentqueyssi.fr\/site\/wp-json\/wp\/v2\/users\/1"}],"replies":[{"embeddable":true,"href":"http:\/\/laurentqueyssi.fr\/site\/wp-json\/wp\/v2\/comments?post=3592"}],"version-history":[{"count":13,"href":"http:\/\/laurentqueyssi.fr\/site\/wp-json\/wp\/v2\/pages\/3592\/revisions"}],"predecessor-version":[{"id":4051,"href":"http:\/\/laurentqueyssi.fr\/site\/wp-json\/wp\/v2\/pages\/3592\/revisions\/4051"}],"wp:attachment":[{"href":"http:\/\/laurentqueyssi.fr\/site\/wp-json\/wp\/v2\/media?parent=3592"}],"curies":[{"name":"wp","href":"https:\/\/api.w.org\/{rel}","templated":true}]}}